{"id":744,"date":"2023-07-08T19:17:51","date_gmt":"2023-07-08T12:17:51","guid":{"rendered":"https:\/\/dhtcdanang.com\/product\/ninh-giang-thorn-leaf-cake\/"},"modified":"2023-07-08T19:53:15","modified_gmt":"2023-07-08T12:53:15","slug":"ninh-giang-thorn-leaf-cake","status":"publish","type":"product","link":"https:\/\/dhtcdanang.com\/vi\/product\/ninh-giang-thorn-leaf-cake\/","title":{"rendered":"B\u00e1nh gai Ninh Giang"},"content":{"rendered":"","protected":false},"excerpt":{"rendered":"<p>Ngh\u1ec1 l\u00e0m b\u00e1nh gai \u0111\u00e3 c\u00f3 t\u1eeb h\u01a1n 700 n\u0103m tr\u01b0\u1edbc. Ban \u0111\u1ea7u, b\u00e1nh tr\u00f2n nh\u01b0 qu\u1ea3 chanh, kh\u00f4ng c\u00f3 l\u00e1 b\u1ecdc. Ng\u00e0y x\u01b0a, b\u00e1nh gai r\u1ea5t hi\u1ebfm, ch\u1ec9 \u0111\u01b0\u1ee3c d\u00f9ng trong ng\u00e0y T\u1ebft hay nh\u00e0 c\u00f3 gi\u1ed7 ch\u1ea1p. Ng\u00e0y th\u01b0\u1eddng, h\u00e0ng x\u00f3m l\u00e1ng gi\u1ec1ng c\u00f3 vi\u1ec7c \u0111i xu\u1ed1ng huy\u1ec7n v\u1ec1 bi\u1ebfu chi\u1ebfc b\u00e1nh, nh\u00e0 c\u00f3 5 hay 6 ng\u01b0\u1eddi th\u00ec ph\u1ea3i x\u1eaft th\u00e0nh t\u1eebng \u1ea5y mi\u1ebfng, m\u1ed7i ng\u01b0\u1eddi m\u1ed9t mi\u1ebfng nh\u1ecf nh\u00e2m nhi v\u1ecb ng\u1ecdt \u0111\u01b0\u1ee3m c\u1ee7a b\u00e1nh<\/p>\n","protected":false},"featured_media":729,"comment_status":"open","ping_status":"closed","template":"","meta":{"_joinchat":[]},"product_cat":[78],"product_tag":[],"class_list":["post-744","product","type-product","status-publish","has-post-thumbnail","hentry","product_cat-fruit-cake-cracker-vi"],"_links":{"self":[{"href":"https:\/\/dhtcdanang.com\/vi\/wp-json\/wp\/v2\/product\/744","targetHints":{"allow":["GET"]}}],"collection":[{"href":"https:\/\/dhtcdanang.com\/vi\/wp-json\/wp\/v2\/product"}],"about":[{"href":"https:\/\/dhtcdanang.com\/vi\/wp-json\/wp\/v2\/types\/product"}],"replies":[{"embeddable":true,"href":"https:\/\/dhtcdanang.com\/vi\/wp-json\/wp\/v2\/comments?post=744"}],"wp:featuredmedia":[{"embeddable":true,"href":"https:\/\/dhtcdanang.com\/vi\/wp-json\/wp\/v2\/media\/729"}],"wp:attachment":[{"href":"https:\/\/dhtcdanang.com\/vi\/wp-json\/wp\/v2\/media?parent=744"}],"wp:term":[{"taxonomy":"product_cat","embeddable":true,"href":"https:\/\/dhtcdanang.com\/vi\/wp-json\/wp\/v2\/product_cat?post=744"},{"taxonomy":"product_tag","embeddable":true,"href":"https:\/\/dhtcdanang.com\/vi\/wp-json\/wp\/v2\/product_tag?post=744"}],"curies":[{"name":"wp","href":"https:\/\/api.w.org\/{rel}","templated":true}]}}