{"id":734,"date":"2023-07-08T19:05:40","date_gmt":"2023-07-08T12:05:40","guid":{"rendered":"https:\/\/dhtcdanang.com\/product\/deo-sweet-potato\/"},"modified":"2023-07-08T19:55:31","modified_gmt":"2023-07-08T12:55:31","slug":"deo-sweet-potato","status":"publish","type":"product","link":"https:\/\/dhtcdanang.com\/vi\/product\/deo-sweet-potato\/","title":{"rendered":"Khoai deo H\u1ea3i Ninh"},"content":{"rendered":"","protected":false},"excerpt":{"rendered":"<p>T\u1eeb tr\u1ed3ng khoai \u0111\u1ec3 ch\u1ed1ng \u0111\u00f3i \u0111\u1ebfn t\u1ea1o ra m\u1ed9t s\u1ea3n ph\u1ea9m uy t\u00edn tr\u00ean th\u1ecb tr\u01b0\u1eddng to\u00e0n qu\u1ed1c, 2 l\u1ea7n \u0111\u01b0\u1ee3c vinh danh, Khoai deo H\u1ea3i Ninh kh\u00f4ng c\u00f2n l\u00e0 m\u1ed9t s\u1ea3n ph\u1ea9m th\u00f4ng th\u01b0\u1eddng, \u0111\u00f3 l\u00e0 ngh\u1ecb l\u1ef1c, l\u00e0 c\u00e1i t\u00ecnh c\u1ee7a ng\u01b0\u1eddi Qu\u1ea3ng B\u00ecnh n\u00f3i chung, H\u1ea3i Ninh n\u00f3i ri\u00eang trong cu\u1ed9c s\u1ed1ng<\/p>\n","protected":false},"featured_media":729,"comment_status":"open","ping_status":"closed","template":"","meta":{"_joinchat":[]},"product_cat":[61],"product_tag":[],"class_list":["post-734","product","type-product","status-publish","has-post-thumbnail","hentry","product_cat-dried-fruits-vi"],"_links":{"self":[{"href":"https:\/\/dhtcdanang.com\/vi\/wp-json\/wp\/v2\/product\/734","targetHints":{"allow":["GET"]}}],"collection":[{"href":"https:\/\/dhtcdanang.com\/vi\/wp-json\/wp\/v2\/product"}],"about":[{"href":"https:\/\/dhtcdanang.com\/vi\/wp-json\/wp\/v2\/types\/product"}],"replies":[{"embeddable":true,"href":"https:\/\/dhtcdanang.com\/vi\/wp-json\/wp\/v2\/comments?post=734"}],"wp:featuredmedia":[{"embeddable":true,"href":"https:\/\/dhtcdanang.com\/vi\/wp-json\/wp\/v2\/media\/729"}],"wp:attachment":[{"href":"https:\/\/dhtcdanang.com\/vi\/wp-json\/wp\/v2\/media?parent=734"}],"wp:term":[{"taxonomy":"product_cat","embeddable":true,"href":"https:\/\/dhtcdanang.com\/vi\/wp-json\/wp\/v2\/product_cat?post=734"},{"taxonomy":"product_tag","embeddable":true,"href":"https:\/\/dhtcdanang.com\/vi\/wp-json\/wp\/v2\/product_tag?post=734"}],"curies":[{"name":"wp","href":"https:\/\/api.w.org\/{rel}","templated":true}]}}