{"id":732,"date":"2023-07-08T19:02:11","date_gmt":"2023-07-08T12:02:11","guid":{"rendered":"https:\/\/dhtcdanang.com\/product\/na-hang-corn-wine\/"},"modified":"2023-07-08T19:55:55","modified_gmt":"2023-07-08T12:55:55","slug":"na-hang-corn-wine","status":"publish","type":"product","link":"https:\/\/dhtcdanang.com\/vi\/product\/na-hang-corn-wine\/","title":{"rendered":"R\u01b0\u1ee3u ng\u00f4 men l\u00e1 Na Hang"},"content":{"rendered":"","protected":false},"excerpt":{"rendered":"<p>R\u01b0\u1ee3u ng\u00f4 men l\u00e1 Na Hang \u0111\u01b0\u1ee3c s\u1ea3n xu\u1ea5t theo b\u00ed quy\u1ebft c\u1ee7a ng\u01b0\u1eddi d\u00e2n t\u1ed9c Na Hang \u2013 Tuy\u00ean Quang, Phong t\u1ee5c n\u1ea5u r\u01b0\u1ee3u \u1edf Na Hang \u0111\u00e3 c\u00f3 t\u1eeb ng\u00e0n \u0111\u1eddi nay, danh t\u1eedu n\u00e0y \u0111\u00e3 tr\u1edf th\u00e0nh \u0111\u1eb7c s\u1ea3n c\u1ee7a v\u00f9ng cao n\u00e0y m\u00e0 khi nh\u1eafc t\u1edbi Na Hang th\u00ec ai c\u0169ng ph\u1ea3i bi\u1ebft t\u1edbi r\u01b0\u1ee3u ng\u00f4 men l\u00e1 . Ng\u01b0\u1eddi d\u00e2n t\u1eeb nh\u1ecf \u0111\u00e3 \u0111\u01b0\u1ee3c \u00f4ng b\u00e0, b\u1ed1 m\u1eb9 truy\u1ec1n l\u1ea1i c\u00e1ch n\u1ea5u r\u01b0\u1ee3u, ki\u1ebfm l\u00e1 r\u1eebng \u0111\u1ec3 l\u00e0m men, \u1ee7 r\u01b0\u1ee3u<\/p>\n","protected":false},"featured_media":729,"comment_status":"open","ping_status":"closed","template":"","meta":{"_joinchat":[]},"product_cat":[83],"product_tag":[],"class_list":["post-732","product","type-product","status-publish","has-post-thumbnail","hentry","product_cat-fruits-vi"],"_links":{"self":[{"href":"https:\/\/dhtcdanang.com\/vi\/wp-json\/wp\/v2\/product\/732","targetHints":{"allow":["GET"]}}],"collection":[{"href":"https:\/\/dhtcdanang.com\/vi\/wp-json\/wp\/v2\/product"}],"about":[{"href":"https:\/\/dhtcdanang.com\/vi\/wp-json\/wp\/v2\/types\/product"}],"replies":[{"embeddable":true,"href":"https:\/\/dhtcdanang.com\/vi\/wp-json\/wp\/v2\/comments?post=732"}],"wp:featuredmedia":[{"embeddable":true,"href":"https:\/\/dhtcdanang.com\/vi\/wp-json\/wp\/v2\/media\/729"}],"wp:attachment":[{"href":"https:\/\/dhtcdanang.com\/vi\/wp-json\/wp\/v2\/media?parent=732"}],"wp:term":[{"taxonomy":"product_cat","embeddable":true,"href":"https:\/\/dhtcdanang.com\/vi\/wp-json\/wp\/v2\/product_cat?post=732"},{"taxonomy":"product_tag","embeddable":true,"href":"https:\/\/dhtcdanang.com\/vi\/wp-json\/wp\/v2\/product_tag?post=732"}],"curies":[{"name":"wp","href":"https:\/\/api.w.org\/{rel}","templated":true}]}}