{"id":652,"date":"2023-07-09T11:35:28","date_gmt":"2023-07-09T04:35:28","guid":{"rendered":"https:\/\/dhtcdanang.com\/product\/organic-cacao-powder\/"},"modified":"2023-07-18T16:59:19","modified_gmt":"2023-07-18T09:59:19","slug":"organic-cacao-powder","status":"publish","type":"product","link":"https:\/\/dhtcdanang.com\/vi\/product\/organic-cacao-powder\/","title":{"rendered":"B\u1ed9t Cacao"},"content":{"rendered":"<p><strong>Gi\u1edbi thi\u1ec7u<\/strong><\/p>\n<p>Ti\u1ebfng chu\u00f4ng ng\u1ecdt ng\u00e0o vang l\u00ean t\u1eeb v\u00f9ng \u0110\u1eafk L\u1eafk &#8211; v\u00f9ng \u0111\u1ea5t tr\u00f9 ph\u00fa c\u1ee7a cacao. V\u00e0o nh\u1eefng ng\u00e0y m\u00e1t m\u1ebb, \u00e1nh n\u1eafng m\u1eb7t tr\u1eddi lung linh chi\u1ebfu xu\u1ed1ng r\u1eebng c\u00e2y xanh ng\u00e1t, nh\u1eefng qu\u1ea3 cacao gi\u1ed1ng Trinitario tr\u1ed5 hoa khoe s\u1eafc, \u0111\u01b0a ch\u00fang ta v\u00e0o m\u1ed9t c\u00e2u chuy\u1ec7n k\u1ef3 di\u1ec7u v\u1ec1 h\u01b0\u01a1ng v\u1ecb \u0111\u1ed9c \u0111\u00e1o v\u00e0 ch\u1ea5t l\u01b0\u1ee3ng tuy\u1ec7t v\u1eddi.<\/p>\n<p>B\u1ed9t Cacao \u0110\u1eafk L\u1eafk, \u0111\u01b0\u1ee3c t\u1ea1o n\u00ean t\u1eeb nh\u1eefng h\u1ea1t cacao Trinitario, l\u00e0 s\u1ef1 k\u1ebft h\u1ee3p tinh t\u1ebf gi\u1eefa d\u00f2ng lai Criollo v\u00e0 Forastero. Nh\u1eefng h\u1ea1t cacao n\u00e0y \u0111\u00e3 \u0111\u01b0\u1ee3c l\u1ef1a ch\u1ecdn k\u1ef9 c\u00e0ng t\u1eeb nh\u1eefng v\u01b0\u1eddn c\u00e2y \u1edf v\u00f9ng T\u00e2y Nguy\u00ean, n\u1ed5i ti\u1ebfng v\u1edbi \u0111\u1ea5t \u0111ai phong ph\u00fa v\u00e0 kh\u00ed h\u1eadu \u00f4n ho\u00e0. Quy tr\u00ecnh ch\u1ebf bi\u1ebfn \u0111\u1ed9c \u0111\u00e1o, t\u1eeb thu ho\u1ea1ch \u0111\u1ebfn l\u00ean men, ph\u01a1i kh\u00f4, rang h\u1ea1t, t\u00e1ch v\u1ecf v\u00e0 nghi\u1ec1n, \u0111\u1ea3m b\u1ea3o gi\u1eef nguy\u00ean nh\u1eefng ph\u1ea9m ch\u1ea5t tuy\u1ec7t v\u1eddi c\u1ee7a h\u1ea1t cacao.<\/p>\n<p>B\u1ed9t Cacao \u0110\u1eafk L\u1eafk kh\u00f4ng ch\u1ec9 \u0111em \u0111\u1ebfn h\u01b0\u01a1ng v\u1ecb \u0111\u1eadm \u0111\u00e0, m\u00e0 c\u00f2n mang trong m\u00ecnh nhi\u1ec1u l\u1ee3i \u00edch dinh d\u01b0\u1ee1ng. V\u1edbi h\u00e0m l\u01b0\u1ee3ng b\u01a1 cacao cao, n\u00f3 l\u00e0 ngu\u1ed3n cung c\u1ea5p ch\u1ea5t ch\u1ed1ng oxy h\u00f3a m\u1ea1nh m\u1ebd, gi\u00fap b\u1ea3o v\u1ec7 c\u01a1 th\u1ec3 kh\u1ecfi t\u00e1c \u0111\u1ed9ng c\u1ee7a l\u00e3o h\u00f3a. Ngo\u00e0i ra, b\u1ed9t cacao c\u00f2n ch\u1ee9a c\u00e1c kho\u00e1ng ch\u1ea5t quan tr\u1ecdng nh\u01b0 magi\u00ea, s\u1eaft v\u00e0 canxi, l\u00e0m gi\u00e0u dinh d\u01b0\u1ee1ng cho c\u01a1 th\u1ec3.<\/p>\n<p>\u0110\u1eb7c bi\u1ec7t, B\u1ed9t Cacao \u0110\u1eafk L\u1eafk kh\u00f4ng ch\u1ec9 l\u00e0 m\u1ed9t nguy\u00ean li\u1ec7u th\u1ea7n k\u1ef3 cho vi\u1ec7c l\u00e0m socola, m\u00e0 c\u00f2n l\u00e0 m\u1ed9t tr\u1ee3 th\u1ee7 \u0111\u1eafc l\u1ef1c trong nh\u1eefng m\u00f3n \u0103n v\u00e0 b\u00e1nh ng\u1ecdt. V\u1edbi h\u01b0\u01a1ng v\u1ecb \u0111\u1eb7c tr\u01b0ng, b\u1ed9t cacao l\u00e0 th\u00e0nh ph\u1ea7n kh\u00f4ng th\u1ec3 thi\u1ebfu \u0111\u1ec3 t\u1ea1o n\u00ean nh\u1eefng m\u00f3n tr\u00e1ng mi\u1ec7ng h\u1ea5p d\u1eabn v\u00e0 \u0111\u1eadm ch\u1ea5t s\u00f4-c\u00f4-la.<\/p>\n<p>H\u01a1n th\u1ebf n\u1eefa, B\u1ed9t Cacao \u0110\u1eafk L\u1eafk \u0111\u00e3 nh\u1eadn \u0111\u01b0\u1ee3c ch\u1ee9ng nh\u1eadn Ocop 4 sao, \u0111\u1ea3m b\u1ea3o s\u1ef1 uy t\u00edn v\u00e0 ch\u1ea5t l\u01b0\u1ee3ng cao c\u1ee7a s\u1ea3n ph\u1ea9m. \u0110i\u1ec1u n\u00e0y ch\u1ee9ng minh s\u1ef1 cam k\u1ebft c\u1ee7a \u0110\u1eafk L\u1eafk trong vi\u1ec7c mang \u0111\u1ebfn cho b\u1ea1n m\u1ed9t s\u1ea3n ph\u1ea9m ch\u1ea5t l\u01b0\u1ee3ng, \u0111\u00e1ng tin c\u1eady v\u00e0 \u0111\u01b0\u1ee3c s\u1ea3n xu\u1ea5t b\u1eb1ng ph\u01b0\u01a1ng ph\u00e1p b\u1ec1n v\u1eefng.<\/p>\n<p>H\u00e3y c\u00f9ng kh\u00e1m ph\u00e1 h\u01b0\u01a1ng v\u1ecb th\u01a1m ngon v\u00e0 l\u1ee3i \u00edch tuy\u1ec7t v\u1eddi c\u1ee7a B\u1ed9t Cacao \u0110\u1eafk L\u1eafk. V\u00e0 \u0111\u1eafm ch\u00ecm trong m\u1ed9t th\u1ebf gi\u1edbi s\u00f4-c\u00f4-la tinh t\u1ebf, n\u01a1i m\u1ed7i h\u1ea1t cacao Trinitario \u0111\u00e3 \u0111\u01b0\u1ee3c ch\u0103m s\u00f3c t\u1ec9 m\u1ec9 \u0111\u1ec3 mang \u0111\u1ebfn cho b\u1ea1n nh\u1eefng tr\u1ea3i nghi\u1ec7m v\u1ecb gi\u00e1c tuy\u1ec7t v\u1eddi nh\u1ea5t!<\/p>\n<p><strong>C\u00e1ch th\u1ee9c mua h\u00e0ng<\/strong><\/p>\n<p>\u0110\u1ec3 mua B\u1ed9t cacao \u0110\u1eafk L\u1eafk si\u00eau ngon, b\u1ea1n c\u00f3 th\u1ec3 th\u1ef1c hi\u1ec7n c\u00e1c b\u01b0\u1edbc sau:<\/p>\n<p>1, Truy c\u1eadp v\u00e0o trang web ho\u1eb7c \u1ee9ng d\u1ee5ng mua s\u1eafm tr\u1ef1c tuy\u1ebfn c\u1ee7a DTCH \u0110\u00e0 N\u1eb5ng.<\/p>\n<p>2, T\u00ecm ki\u1ebfm &#8220;B\u1ed9t cacao \u0110\u1eafk L\u1eafk&#8221; trong c\u00f4ng c\u1ee5 t\u00ecm ki\u1ebfm ho\u1eb7c danh m\u1ee5c s\u1ea3n ph\u1ea9m.<\/p>\n<p>3, Ch\u1ecdn s\u1ea3n ph\u1ea9m ph\u00f9 h\u1ee3p v\u1edbi nhu c\u1ea7u c\u1ee7a b\u1ea1n v\u00e0 xem th\u00f4ng tin chi ti\u1ebft v\u1ec1 s\u1ea3n ph\u1ea9m nh\u01b0 gi\u00e1, kh\u1ed1i l\u01b0\u1ee3ng, quy c\u00e1ch \u0111\u00f3ng g\u00f3i, th\u00e0nh ph\u1ea7n, v\u00e0 c\u00e1ch s\u1eed d\u1ee5ng.<\/p>\n<p>4, Th\u00eam s\u1ea3n ph\u1ea9m v\u00e0o gi\u1ecf h\u00e0ng b\u1eb1ng c\u00e1ch nh\u1ea5p v\u00e0o n\u00fat &#8220;Th\u00eam v\u00e0o gi\u1ecf h\u00e0ng&#8221; ho\u1eb7c t\u01b0\u01a1ng t\u1ef1.<\/p>\n<p>5, Ki\u1ec3m tra l\u1ea1i \u0111\u01a1n h\u00e0ng trong gi\u1ecf h\u00e0ng \u0111\u1ec3 \u0111\u1ea3m b\u1ea3o b\u1ea1n \u0111\u00e3 ch\u1ecdn \u0111\u00fang s\u1ea3n ph\u1ea9m v\u00e0 s\u1ed1 l\u01b0\u1ee3ng mong mu\u1ed1n.<\/p>\n<p>6, \u0110i\u1ec1n th\u00f4ng tin giao h\u00e0ng, bao g\u1ed3m \u0111\u1ecba ch\u1ec9 v\u00e0 th\u00f4ng tin li\u00ean l\u1ea1c.<\/p>\n<p>7, Ch\u1ecdn ph\u01b0\u01a1ng th\u1ee9c thanh to\u00e1n ph\u00f9 h\u1ee3p, c\u00f3 th\u1ec3 l\u00e0 thanh to\u00e1n tr\u1ef1c tuy\u1ebfn b\u1eb1ng th\u1ebb ng\u00e2n h\u00e0ng, v\u00ed \u0111i\u1ec7n t\u1eed, ho\u1eb7c chuy\u1ec3n kho\u1ea3n ng\u00e2n h\u00e0ng.<\/p>\n<p>8, X\u00e1c nh\u1eadn \u0111\u01a1n h\u00e0ng v\u00e0 ho\u00e0n t\u1ea5t qu\u00e1 tr\u00ecnh mua h\u00e0ng.<\/p>\n<p>Sau khi ho\u00e0n t\u1ea5t qu\u00e1 tr\u00ecnh \u0111\u1eb7t h\u00e0ng, b\u1ea1n s\u1ebd nh\u1eadn \u0111\u01b0\u1ee3c th\u00f4ng tin v\u1ec1 \u0111\u01a1n h\u00e0ng v\u00e0 th\u1eddi gian d\u1ef1 ki\u1ebfn giao h\u00e0ng. DTCH \u0110\u00e0 N\u1eb5ng s\u1ebd th\u1ef1c hi\u1ec7n v\u1eadn chuy\u1ec3n nhanh ch\u00f3ng v\u00e0 \u0111\u1ea3m b\u1ea3o ch\u1ea5t l\u01b0\u1ee3ng s\u1ea3n ph\u1ea9m.<\/p>\n","protected":false},"excerpt":{"rendered":"<p><strong>Th\u00f4ng tin s\u1ea3n ph\u1ea9m<\/strong><\/p>\n<p>\u0110\u1eafk L\u1eafk \u0111\u01b0\u1ee3c bi\u1ebft \u0111\u1ebfn l\u00e0 m\u1ed9t trong nh\u1eefng v\u00f9ng tr\u1ed3ng cacao h\u00e0ng \u0111\u1ea7u \u1edf n\u01b0\u1edbc ta, n\u01a1i \u0111\u00e2y v\u1edbi kh\u00ed h\u1eadu ph\u00f9 h\u1ee3p \u0111\u00e3 mang t\u1edbi ch\u1ea5t l\u01b0\u1ee3ng h\u1ea1t cacao c\u1ef1c k\u1ef3 ch\u1ea5t l\u01b0\u1ee3ng, \u0111\u1ea1t c\u00e1c ti\u00eau chu\u1ea9n cao c\u1ea5p \u0111\u1ec3 xu\u1ea5t kh\u1ea9u sang c\u00e1c n\u01b0\u1edbc Ch\u00e2u  u.<br \/>\nB\u1eb1ng c\u00e1ch ch\u1ecdn l\u1ecdc c\u1ea9n th\u1eadn c\u00e1c h\u1ea1t cacao ch\u1ea5t l\u01b0\u1ee3ng t\u1eeb c\u00e1c c\u00e2y tr\u1ed3ng t\u1ea1i v\u00f9ng \u0111\u1ea5t T\u00e2y Nguy\u00ean, S\u1ea3n ph\u1ea9m b\u1ed9t cacao \u0110\u1eafk L\u1eafk gi\u1eef nguy\u00ean h\u01b0\u01a1ng th\u01a1m t\u1ef1 nhi\u00ean v\u00e0 h\u01b0\u01a1ng v\u1ecb \u0111\u1eb7c tr\u01b0ng c\u1ee7a cacao. V\u1edbi quy tr\u00ecnh ch\u1ebf bi\u1ebfn c\u00f4ng phu, b\u1ed9t cacao \u0110\u1eafk L\u1eafk c\u00f3 m\u00e0u s\u1eafc \u0111\u1eadm \u0111\u00e0 v\u00e0 h\u01b0\u01a1ng th\u01a1m d\u1ec5 ch\u1ecbu.<\/p>\n<p>&#8211; Lo\u1ea1i s\u1ea3n ph\u1ea9m:<br \/>\n&#8211; Kh\u1ed1i l\u01b0\u1ee3ng:<br \/>\n&#8211; Quy c\u00e1ch \u0111\u00f3ng g\u00f3i:<br \/>\n&#8211; Th\u00e0nh ph\u1ea7n:<br \/>\n&#8211; C\u00e1ch s\u1eed d\u1ee5ng:<br \/>\n&#8211; Th\u01b0\u01a1ng hi\u1ec7u:<br \/>\n&#8211; N\u01a1i s\u1ea3n xu\u1ea5t: Vi\u1ec7t Nam<\/p>\n","protected":false},"featured_media":887,"comment_status":"open","ping_status":"closed","template":"","meta":{"_joinchat":[]},"product_cat":[81],"product_tag":[],"class_list":["post-652","product","type-product","status-publish","has-post-thumbnail","hentry","product_cat-nut-seeds-vi"],"_links":{"self":[{"href":"https:\/\/dhtcdanang.com\/vi\/wp-json\/wp\/v2\/product\/652","targetHints":{"allow":["GET"]}}],"collection":[{"href":"https:\/\/dhtcdanang.com\/vi\/wp-json\/wp\/v2\/product"}],"about":[{"href":"https:\/\/dhtcdanang.com\/vi\/wp-json\/wp\/v2\/types\/product"}],"replies":[{"embeddable":true,"href":"https:\/\/dhtcdanang.com\/vi\/wp-json\/wp\/v2\/comments?post=652"}],"wp:featuredmedia":[{"embeddable":true,"href":"https:\/\/dhtcdanang.com\/vi\/wp-json\/wp\/v2\/media\/887"}],"wp:attachment":[{"href":"https:\/\/dhtcdanang.com\/vi\/wp-json\/wp\/v2\/media?parent=652"}],"wp:term":[{"taxonomy":"product_cat","embeddable":true,"href":"https:\/\/dhtcdanang.com\/vi\/wp-json\/wp\/v2\/product_cat?post=652"},{"taxonomy":"product_tag","embeddable":true,"href":"https:\/\/dhtcdanang.com\/vi\/wp-json\/wp\/v2\/product_tag?post=652"}],"curies":[{"name":"wp","href":"https:\/\/api.w.org\/{rel}","templated":true}]}}