{"id":651,"date":"2023-05-11T17:14:45","date_gmt":"2023-05-11T10:14:45","guid":{"rendered":"https:\/\/dhtcdanang.com\/product\/cold-dried-macadamia\/"},"modified":"2023-07-18T16:58:44","modified_gmt":"2023-07-18T09:58:44","slug":"cold-dried-macadamia","status":"publish","type":"product","link":"https:\/\/dhtcdanang.com\/vi\/product\/cold-dried-macadamia\/","title":{"rendered":"Macca s\u1ea5y l\u1ea1nh"},"content":{"rendered":"<p><strong>Gi\u1edbi thi\u1ec7u<\/strong><\/p>\n<p>Macca s\u1ea5y l\u1ea1nh \u0110\u1eafk L\u1eafk &#8211; H\u01b0\u01a1ng v\u1ecb t\u1ef1 nhi\u00ean, dinh d\u01b0\u1ee1ng v\u01b0\u1ee3t tr\u1ed9i<\/p>\n<p>B\u1ea1n \u0111\u00e3 bao gi\u1edd mu\u1ed1n t\u00ecm ki\u1ebfm m\u1ed9t m\u00f3n ngon \u0111\u1ed9c \u0111\u00e1o, gi\u00e0u dinh d\u01b0\u1ee1ng v\u00e0 t\u1ef1 nhi\u00ean \u0111\u1ebfn t\u1eeb v\u00f9ng \u0111\u1ea5t T\u00e2y Nguy\u00ean m\u00e0u m\u1ee1? H\u00e3y \u0111\u1ebfn v\u1edbi s\u1ea3n ph\u1ea9m Macca s\u1ea5y l\u1ea1nh \u0110\u1eafk L\u1eafk &#8211; m\u1ed9t s\u1ef1 k\u1ebft h\u1ee3p ho\u00e0n h\u1ea3o gi\u1eefa h\u01b0\u01a1ng v\u1ecb nguy\u00ean b\u1ea3n v\u00e0 c\u00f4ng ngh\u1ec7 s\u1ea5y l\u1ea1nh ti\u00ean ti\u1ebfn.<\/p>\n<p>Macca s\u1ea5y l\u1ea1nh \u0110\u1eafk L\u1eafk \u0111\u01b0\u1ee3c s\u1ea3n xu\u1ea5t b\u1eb1ng ph\u01b0\u01a1ng ph\u00e1p s\u1ea5y \u0111\u1eb7c bi\u1ec7t v\u1edbi kh\u00f4ng kh\u00ed l\u1ea1nh, gi\u00fap b\u1ea3o qu\u1ea3n h\u1ea1t macca l\u00e2u d\u00e0i m\u00e0 v\u1eabn gi\u1eef nguy\u00ean \u0111\u01b0\u1ee3c h\u01b0\u01a1ng v\u1ecb t\u1ef1 nhi\u00ean. M\u1ed7i h\u1ea1t macca gi\u00f2n tan, ng\u1ecdt ng\u00e0o v\u00e0 b\u00e9o ng\u1eady, \u0111em l\u1ea1i m\u1ed9t tr\u1ea3i nghi\u1ec7m \u1ea9m th\u1ef1c tuy\u1ec7t v\u1eddi.<\/p>\n<p>S\u1ea3n ph\u1ea9m Macca s\u1ea5y l\u1ea1nh \u0110\u1eafk L\u1eafk ch\u1ee9a 100% h\u1ea1t macca cao c\u1ea5p, \u0111\u01b0\u1ee3c tr\u1ed3ng t\u1eeb v\u00f9ng \u0111\u1ea5t T\u00e2y Nguy\u00ean m\u00e0u m\u1ee1. \u0110\u1ea3m b\u1ea3o kh\u00f4ng s\u1eed d\u1ee5ng ch\u1ea5t ph\u1ee5 gia, h\u1ea1t macca \u0110\u1eafk L\u1eafk gi\u1eef nguy\u00ean v\u1ecb b\u00e9o, ng\u1ecdt \u0111\u1eb7c tr\u01b0ng m\u00e0 kh\u00f4ng l\u1eabn v\u00e0o \u0111\u00e2u \u0111\u01b0\u1ee3c. <\/p>\n<p>H\u1ea1t macca cung c\u1ea5p l\u01b0\u1ee3ng l\u1edbn ch\u1ea5t x\u01a1, protein, ch\u1ea5t b\u00e9o kh\u00f4ng b\u00e3o h\u00f2a \u0111\u01a1n, vitamin v\u00e0 kho\u00e1ng ch\u1ea5t nh\u01b0 mangan, \u0111\u1ed3ng, thiamine, s\u1eaft, magie. S\u1ea3n ph\u1ea9m c\u00f3 t\u00e1c d\u1ee5ng ch\u1ed1ng oxy h\u00f3a gi\u00fap b\u1ea3o v\u1ec7 t\u1ebf b\u00e0o kh\u1ecfi s\u1ef1 t\u00e1c \u0111\u1ed9ng c\u1ee7a c\u00e1c g\u1ed1c t\u1ef1 do v\u00e0 c\u00e1c t\u00e1c nh\u00e2n g\u00e2y h\u1ea1i kh\u00e1c, gi\u00fap l\u00e0m ch\u1eadm qu\u00e1 tr\u00ecnh l\u00e3o h\u00f3a v\u00e0 gi\u1ea3m nguy c\u01a1 m\u1eafc c\u00e1c b\u1ec7nh li\u00ean quan \u0111\u1ebfn s\u1ef1 t\u1ed5n th\u01b0\u01a1ng t\u1ebf b\u00e0o.<\/p>\n<p>Kh\u00f4ng ch\u1ec9 c\u00f3 v\u1eady h\u1ea1t macca ch\u1ee9a nhi\u1ec1u ch\u1ea5t ch\u1ed1ng vi khu\u1ea9n v\u00e0 ch\u1ed1ng vi\u00eam, gi\u00fap t\u0103ng c\u01b0\u1eddng h\u1ec7 mi\u1ec5n d\u1ecbch v\u00e0 gi\u1ea3m nguy c\u01a1 m\u1eafc c\u00e1c b\u1ec7nh nhi\u1ec5m tr\u00f9ng. \u0110\u1ed3ng th\u1eddi, h\u1ea1t macca c\u0169ng ch\u1ee9a nhi\u1ec1u vitamin C v\u00e0 vitamin E, c\u00e1c ch\u1ea5t ch\u1ed1ng oxi h\u00f3a m\u1ea1nh gi\u00fap c\u1ee7ng c\u1ed1 h\u1ec7 mi\u1ec5n d\u1ecbch v\u00e0 b\u1ea3o v\u1ec7 c\u01a1 th\u1ec3 kh\u1ecfi c\u00e1c t\u00e1c nh\u00e2n g\u00e2y h\u1ea1i t\u1eeb m\u00f4i tr\u01b0\u1eddng. C\u00f3 kh\u1ea3 n\u0103ng c\u1ea3i thi\u1ec7n t\u00e2m tr\u1ea1ng, gi\u1ea3m c\u0103ng th\u1eb3ng, lo \u00e2u v\u00e0 t\u0103ng c\u01b0\u1eddng s\u1ef1 t\u1eadp trung. \u0110\u1eb7c bi\u1ec7t, macca \u0111\u01b0\u1ee3c cho l\u00e0 c\u00f3 kh\u1ea3 n\u0103ng c\u00e2n b\u1eb1ng hormone, gi\u00fap gi\u1ea3m c\u00e1c tri\u1ec7u ch\u1ee9ng c\u1ee7a chu k\u1ef3 kinh nguy\u1ec7t v\u00e0 gi\u1ea3m c\u00e1c tri\u1ec7u ch\u1ee9ng ti\u1ec1n m\u00e3n kinh.<\/p>\n<p>V\u1edbi nh\u1eefng l\u1ee3i \u00edch v\u01b0\u1ee3t tr\u1ed9i v\u1ec1 dinh d\u01b0\u1ee1ng v\u00e0 s\u1ee9c kh\u1ecfe m\u00e0 Macca s\u1ea5y l\u1ea1nh \u0110\u1eafk L\u1eafk mang l\u1ea1i, \u0111\u00e2y l\u00e0 m\u1ed9t s\u1ea3n ph\u1ea9m tuy\u1ec7t v\u1eddi \u0111\u1ec3 th\u01b0\u1edfng th\u1ee9c v\u00e0 b\u1ed5 sung v\u00e0o ch\u1ebf \u0111\u1ed9 \u0103n h\u00e0ng ng\u00e0y, \u0103n k\u00e8m c\u00f9ng c\u00e1c lo\u1ea1i hoa qu\u1ea3 ho\u1eb7c s\u1eed d\u1ee5ng cho c\u00e1c lo\u1ea1i b\u00e1nh, n\u01b0\u1edbc gi\u1ea3i kh\u00e1t.<\/p>\n<p>\u0110\u1ec3 b\u1ea3o qu\u1ea3n ch\u1ea5t l\u01b0\u1ee3ng v\u00e0 \u0111\u1ed9 t\u01b0\u01a1i c\u1ee7a Macca s\u1ea5y l\u1ea1nh \u0110\u1eafk L\u1eafk, khi kh\u00f4ng s\u1eed d\u1ee5ng b\u1ea1n n\u00ean b\u1ea3o qu\u1ea3n trong m\u1ed9t h\u0169 \u0111\u1eady k\u00edn v\u00e0 \u0111\u1ec3 \u1edf n\u01a1i kh\u00f4 r\u00e1o, tho\u00e1ng m\u00e1t, tr\u00e1nh \u00e1nh n\u1eafng m\u1eb7t tr\u1eddi v\u00e0 nhi\u1ec7t \u0111\u1ed9 cao. \u0110i\u1ec1u n\u00e0y s\u1ebd gi\u00fap h\u1ea1t macca gi\u1eef \u0111\u01b0\u1ee3c h\u01b0\u01a1ng v\u1ecb t\u1ef1 nhi\u00ean v\u00e0 ch\u1ea5t dinh d\u01b0\u1ee1ng trong th\u1eddi gian d\u00e0i.<\/p>\n<p>V\u1edbi Macca s\u1ea5y l\u1ea1nh \u0110\u1eafk L\u1eafk, b\u1ea1n s\u1ebd \u0111\u01b0\u1ee3c tr\u1ea3i nghi\u1ec7m h\u01b0\u01a1ng v\u1ecb tuy\u1ec7t v\u1eddi, dinh d\u01b0\u1ee1ng v\u01b0\u1ee3t tr\u1ed9i v\u00e0 l\u1ee3i \u00edch s\u1ee9c kh\u1ecfe to l\u1edbn. H\u00e3y th\u1eed v\u00e0 h\u01b0\u1edfng th\u1ee5 s\u1ef1 ngon l\u00e0nh kh\u00e1c bi\u1ec7t c\u1ee7a s\u1ea3n ph\u1ea9m \u0111\u1ed9c \u0111\u00e1o c\u1ee7a c\u00f9ng \u0111\u1ea5t T\u00e2y Nguy\u00ean n\u00e0o!<\/p>\n<p><strong>C\u00e1ch th\u1ee9c mua h\u00e0ng<\/strong><\/p>\n<p>\u0110\u1ec3 mua Macca s\u1ea5y l\u1ea1nh \u0110\u1eafk L\u1eafk si\u00eau ngon, b\u1ea1n c\u00f3 th\u1ec3 th\u1ef1c hi\u1ec7n c\u00e1c b\u01b0\u1edbc sau:<\/p>\n<p>1, Truy c\u1eadp v\u00e0o trang web ho\u1eb7c \u1ee9ng d\u1ee5ng mua s\u1eafm tr\u1ef1c tuy\u1ebfn c\u1ee7a DTCH \u0110\u00e0 N\u1eb5ng.<\/p>\n<p>2, T\u00ecm ki\u1ebfm &#8220;Macca s\u1ea5y l\u1ea1nh \u0110\u1eafk L\u1eafk&#8221; trong c\u00f4ng c\u1ee5 t\u00ecm ki\u1ebfm ho\u1eb7c danh m\u1ee5c s\u1ea3n ph\u1ea9m.<\/p>\n<p>3, Ch\u1ecdn s\u1ea3n ph\u1ea9m ph\u00f9 h\u1ee3p v\u1edbi nhu c\u1ea7u c\u1ee7a b\u1ea1n v\u00e0 xem th\u00f4ng tin chi ti\u1ebft v\u1ec1 s\u1ea3n ph\u1ea9m nh\u01b0 gi\u00e1, kh\u1ed1i l\u01b0\u1ee3ng, quy c\u00e1ch \u0111\u00f3ng g\u00f3i, th\u00e0nh ph\u1ea7n, v\u00e0 c\u00e1ch s\u1eed d\u1ee5ng.<\/p>\n<p>4, Th\u00eam s\u1ea3n ph\u1ea9m v\u00e0o gi\u1ecf h\u00e0ng b\u1eb1ng c\u00e1ch nh\u1ea5p v\u00e0o n\u00fat &#8220;Th\u00eam v\u00e0o gi\u1ecf h\u00e0ng&#8221; ho\u1eb7c t\u01b0\u01a1ng t\u1ef1.<\/p>\n<p>5, Ki\u1ec3m tra l\u1ea1i \u0111\u01a1n h\u00e0ng trong gi\u1ecf h\u00e0ng \u0111\u1ec3 \u0111\u1ea3m b\u1ea3o b\u1ea1n \u0111\u00e3 ch\u1ecdn \u0111\u00fang s\u1ea3n ph\u1ea9m v\u00e0 s\u1ed1 l\u01b0\u1ee3ng mong mu\u1ed1n.<\/p>\n<p>6, \u0110i\u1ec1n th\u00f4ng tin giao h\u00e0ng, bao g\u1ed3m \u0111\u1ecba ch\u1ec9 v\u00e0 th\u00f4ng tin li\u00ean l\u1ea1c.<\/p>\n<p>7, Ch\u1ecdn ph\u01b0\u01a1ng th\u1ee9c thanh to\u00e1n ph\u00f9 h\u1ee3p, c\u00f3 th\u1ec3 l\u00e0 thanh to\u00e1n tr\u1ef1c tuy\u1ebfn b\u1eb1ng th\u1ebb ng\u00e2n h\u00e0ng, v\u00ed \u0111i\u1ec7n t\u1eed, ho\u1eb7c chuy\u1ec3n kho\u1ea3n ng\u00e2n h\u00e0ng.<\/p>\n<p>8, X\u00e1c nh\u1eadn \u0111\u01a1n h\u00e0ng v\u00e0 ho\u00e0n t\u1ea5t qu\u00e1 tr\u00ecnh mua h\u00e0ng.<\/p>\n<p>Sau khi ho\u00e0n t\u1ea5t qu\u00e1 tr\u00ecnh \u0111\u1eb7t h\u00e0ng, b\u1ea1n s\u1ebd nh\u1eadn \u0111\u01b0\u1ee3c th\u00f4ng tin v\u1ec1 \u0111\u01a1n h\u00e0ng v\u00e0 th\u1eddi gian d\u1ef1 ki\u1ebfn giao h\u00e0ng. DTCH \u0110\u00e0 N\u1eb5ng s\u1ebd th\u1ef1c hi\u1ec7n v\u1eadn chuy\u1ec3n nhanh ch\u00f3ng v\u00e0 \u0111\u1ea3m b\u1ea3o ch\u1ea5t l\u01b0\u1ee3ng s\u1ea3n ph\u1ea9m.<\/p>\n","protected":false},"excerpt":{"rendered":"<p><strong>Th\u00f4ng tin s\u1ea3n ph\u1ea9m<\/strong><\/p>\n<p>\u0110\u01b0\u1ee3c l\u1ef1a ch\u1ecdn c\u1ea9n th\u1eadn t\u1eeb nh\u1eefng h\u1ea1t macca t\u1ed1t nh\u1ea5t c\u1ee7a v\u00f9ng \u0111\u1ea5t T\u00e2y Nguy\u00ean. Qua qu\u00e1 tr\u00ecnh s\u1ea5y l\u1ea1nh, h\u1ea1t macca gi\u1eef nguy\u00ean v\u1ecb ng\u1ecdt t\u1ef1 nhi\u00ean v\u00e0 \u0111\u1ed9 gi\u00f2n \u0111\u1eb7c tr\u01b0ng, mang \u0111\u1ebfn tr\u1ea3i nghi\u1ec7m \u1ea9m th\u1ef1c th\u00fa v\u1ecb v\u1edbi h\u01b0\u01a1ng th\u01a1m d\u1ec5 ch\u1ecbu v\u00e0 v\u1ecb ngon \u0111\u1ed9c \u0111\u00e1o. Nh\u1edd \u0111\u00f3 S\u1ea3n ph\u1ea9m macca s\u1ea5y l\u1ea1nh tr\u1edf th\u00e0nh l\u1ef1a ch\u1ecdn ho\u00e0n h\u1ea3o \u0111\u1ec3 th\u01b0\u1edfng th\u1ee9c m\u1ed9t m\u00f3n \u0103n v\u1eeba ngon mi\u1ec7ng v\u1eeba t\u1ed1t cho s\u1ee9c kh\u1ecfe.<\/p>\n<p>&#8211; Lo\u1ea1i s\u1ea3n ph\u1ea9m:<br \/>\n&#8211; Kh\u1ed1i l\u01b0\u1ee3ng:<br \/>\n&#8211; Quy c\u00e1ch \u0111\u00f3ng g\u00f3i:<br \/>\n&#8211; Th\u00e0nh ph\u1ea7n:<br \/>\n&#8211; C\u00e1ch s\u1eed d\u1ee5ng:<br \/>\n&#8211; Th\u01b0\u01a1ng hi\u1ec7u:<br \/>\n&#8211; N\u01a1i s\u1ea3n xu\u1ea5t: Vi\u1ec7t Nam<\/p>\n","protected":false},"featured_media":843,"comment_status":"open","ping_status":"closed","template":"","meta":{"_joinchat":[]},"product_cat":[61],"product_tag":[],"class_list":["post-651","product","type-product","status-publish","has-post-thumbnail","hentry","product_cat-dried-fruits-vi"],"_links":{"self":[{"href":"https:\/\/dhtcdanang.com\/vi\/wp-json\/wp\/v2\/product\/651","targetHints":{"allow":["GET"]}}],"collection":[{"href":"https:\/\/dhtcdanang.com\/vi\/wp-json\/wp\/v2\/product"}],"about":[{"href":"https:\/\/dhtcdanang.com\/vi\/wp-json\/wp\/v2\/types\/product"}],"replies":[{"embeddable":true,"href":"https:\/\/dhtcdanang.com\/vi\/wp-json\/wp\/v2\/comments?post=651"}],"wp:featuredmedia":[{"embeddable":true,"href":"https:\/\/dhtcdanang.com\/vi\/wp-json\/wp\/v2\/media\/843"}],"wp:attachment":[{"href":"https:\/\/dhtcdanang.com\/vi\/wp-json\/wp\/v2\/media?parent=651"}],"wp:term":[{"taxonomy":"product_cat","embeddable":true,"href":"https:\/\/dhtcdanang.com\/vi\/wp-json\/wp\/v2\/product_cat?post=651"},{"taxonomy":"product_tag","embeddable":true,"href":"https:\/\/dhtcdanang.com\/vi\/wp-json\/wp\/v2\/product_tag?post=651"}],"curies":[{"name":"wp","href":"https:\/\/api.w.org\/{rel}","templated":true}]}}