{"id":490,"date":"2023-06-09T17:37:20","date_gmt":"2023-06-09T10:37:20","guid":{"rendered":"https:\/\/dhtcdanang.com\/shipping-policy\/"},"modified":"2023-06-13T00:21:28","modified_gmt":"2023-06-12T17:21:28","slug":"chinh-sach-van-chuyen","status":"publish","type":"page","link":"https:\/\/dhtcdanang.com\/vi\/chinh-sach-van-chuyen\/","title":{"rendered":"Ch\u00ednh S\u00e1ch V\u1eadn Chuy\u1ec3n"},"content":{"rendered":"  <div id=\"page-header-660046705\" class=\"page-header-wrapper\">\n  <div class=\"page-title dark featured-title\">\n\n        <div class=\"page-title-bg\">\n      <div class=\"title-bg fill bg-fill\"\n        data-parallax-container=\".page-title\"\n        data-parallax-background\n        data-parallax=\"-\">\n      <\/div>\n      <div class=\"title-overlay fill\"><\/div>\n    <\/div>\n    \n    <div class=\"page-title-inner container align-center text-center flex-row-col medium-flex-wrap\" >\n              <div class=\"title-wrapper flex-col\">\n          <h1 class=\"entry-title mb-0\">\n            Ch\u00ednh S\u00e1ch V\u1eadn Chuy\u1ec3n          <\/h1>\n        <\/div>\n                    <div class=\"title-content flex-col\">\n        <div class=\"title-breadcrumbs pb-half pt-half\"><nav class=\"woocommerce-breadcrumb breadcrumbs \">Home<\/nav><\/div>      <\/div>\n    <\/div>\n\n     \n<style>\n#page-header-660046705 .title-bg {\n  background-image: url(https:\/\/dhtcdanang.com\/wp-content\/uploads\/2023\/05\/bg-ft-1.jpg);\n}\n<\/style>\n  <\/div>\n    <\/div>\n  \n\t<section class=\"section\" id=\"section_1127885117\">\n\t\t<div class=\"bg section-bg fill bg-fill  bg-loaded\" >\n\n\t\t\t\n\t\t\t\n\t\t\t\n\n\t\t<\/div>\n\n\t\t\n\n\t\t<div class=\"section-content relative\">\n\t\t\t\n<div class=\"row row-small\"  id=\"row-435686362\">\n\n\t<div id=\"col-1873289965\" class=\"col small-12 large-12\"  >\n\t\t\t\t<div class=\"col-inner\"  >\n\t\t\t\n\t\t\t\n<p>Ch\u00fang t\u00f4i \u0111ang c\u1eadp nh\u1eadt, vui l\u00f2ng quay l\u1ea1i sau&#8230;<\/p>\n\t\t<\/div>\n\t\t\t\t\t<\/div>\n\n\t\n<\/div>\n\t\t<\/div>\n\n\t\t\n<style>\n#section_1127885117 {\n  padding-top: 30px;\n  padding-bottom: 30px;\n}\n#section_1127885117 .ux-shape-divider--top svg {\n  height: 150px;\n  --divider-top-width: 100%;\n}\n#section_1127885117 .ux-shape-divider--bottom svg {\n  height: 150px;\n  --divider-width: 100%;\n}\n<\/style>\n\t<\/section>\n\t\n","protected":false},"excerpt":{"rendered":"","protected":false},"author":1,"featured_media":0,"parent":0,"menu_order":0,"comment_status":"closed","ping_status":"closed","template":"page-blank.php","meta":{"_joinchat":[],"footnotes":""},"class_list":["post-490","page","type-page","status-publish","hentry"],"_links":{"self":[{"href":"https:\/\/dhtcdanang.com\/vi\/wp-json\/wp\/v2\/pages\/490","targetHints":{"allow":["GET"]}}],"collection":[{"href":"https:\/\/dhtcdanang.com\/vi\/wp-json\/wp\/v2\/pages"}],"about":[{"href":"https:\/\/dhtcdanang.com\/vi\/wp-json\/wp\/v2\/types\/page"}],"author":[{"embeddable":true,"href":"https:\/\/dhtcdanang.com\/vi\/wp-json\/wp\/v2\/users\/1"}],"replies":[{"embeddable":true,"href":"https:\/\/dhtcdanang.com\/vi\/wp-json\/wp\/v2\/comments?post=490"}],"version-history":[{"count":2,"href":"https:\/\/dhtcdanang.com\/vi\/wp-json\/wp\/v2\/pages\/490\/revisions"}],"predecessor-version":[{"id":522,"href":"https:\/\/dhtcdanang.com\/vi\/wp-json\/wp\/v2\/pages\/490\/revisions\/522"}],"wp:attachment":[{"href":"https:\/\/dhtcdanang.com\/vi\/wp-json\/wp\/v2\/media?parent=490"}],"curies":[{"name":"wp","href":"https:\/\/api.w.org\/{rel}","templated":true}]}}